{"id":161,"date":"2025-11-21T10:03:41","date_gmt":"2025-11-21T13:03:41","guid":{"rendered":"https:\/\/go.investedigital.com.br\/?page_id=161"},"modified":"2025-11-21T10:03:41","modified_gmt":"2025-11-21T13:03:41","slug":"sobre-nos","status":"publish","type":"page","link":"https:\/\/go.investedigital.com.br\/?page_id=161","title":{"rendered":"Sobre N\u00f3s"},"content":{"rendered":"\n<h2 class=\"wp-block-heading\">1. Quem Somos<\/h2>\n\n\n\n<p>O site <strong>go.investedigital.com.br<\/strong> \u00e9 uma plataforma administrada pela <strong>ROCKET MEDIA TECNOLOGIA S.A.<\/strong>, criada para oferecer <strong>conte\u00fados educativos e informa\u00e7\u00f5es relevantes sobre economia, finan\u00e7as, investimentos e oportunidades do mercado financeiro<\/strong>.<\/p>\n\n\n\n<p>Acreditamos que conhecimento acess\u00edvel transforma a vida financeira das pessoas.<\/p>\n\n\n\n<h2 class=\"wp-block-heading\">2. Nossa Miss\u00e3o<\/h2>\n\n\n\n<p>Nossa miss\u00e3o \u00e9:<\/p>\n\n\n\n<ul class=\"wp-block-list\">\n<li>Facilitar o entendimento do mercado financeiro<\/li>\n\n\n\n<li>Levar educa\u00e7\u00e3o financeira de forma simples<\/li>\n\n\n\n<li>Apresentar oportunidades e tend\u00eancias<\/li>\n\n\n\n<li>Ajudar usu\u00e1rios a tomarem melhores decis\u00f5es financeiras<\/li>\n<\/ul>\n\n\n\n<h2 class=\"wp-block-heading\">3. Nossa Equipe<\/h2>\n\n\n\n<p>Nossa equipe re\u00fane profissionais de:<\/p>\n\n\n\n<ul class=\"wp-block-list\">\n<li>Comunica\u00e7\u00e3o<\/li>\n\n\n\n<li>Tecnologia<\/li>\n\n\n\n<li>Marketing digital<\/li>\n\n\n\n<li>Educa\u00e7\u00e3o financeira<\/li>\n<\/ul>\n\n\n\n<p>Todos comprometidos com clareza, responsabilidade e qualidade da informa\u00e7\u00e3o.<\/p>\n\n\n\n<h2 class=\"wp-block-heading\">4. O Que Voc\u00ea Encontra Aqui<\/h2>\n\n\n\n<p>No site, voc\u00ea encontra:<\/p>\n\n\n\n<ul class=\"wp-block-list\">\n<li>Conte\u00fados e guias financeiros<\/li>\n\n\n\n<li>Dicas sobre investimentos<\/li>\n\n\n\n<li>An\u00e1lises e informa\u00e7\u00f5es econ\u00f4micas<\/li>\n\n\n\n<li>Conte\u00fados pr\u00e1ticos e descomplicados<\/li>\n\n\n\n<li>Oportunidades e tend\u00eancias do mercado<\/li>\n<\/ul>\n\n\n\n<h2 class=\"wp-block-heading\">5. Nosso Compromisso<\/h2>\n\n\n\n<p>Operamos com:<\/p>\n\n\n\n<ul class=\"wp-block-list\">\n<li><strong>Transpar\u00eancia<\/strong><\/li>\n\n\n\n<li><strong>Imparcialidade<\/strong><\/li>\n\n\n\n<li><strong>Responsabilidade editorial<\/strong><\/li>\n\n\n\n<li><strong>Conte\u00fado gratuito e acess\u00edvel<\/strong><\/li>\n<\/ul>\n\n\n\n<p>Acesse sempre:<br>\ud83d\udc49 <strong><a href=\"https:\/\/go.investedigital.com.br\">https:\/\/go.investedigital.com.br<\/a><\/strong><\/p>\n","protected":false},"excerpt":{"rendered":"<p>1. Quem Somos O site go.investedigital.com.br \u00e9 uma plataforma administrada pela ROCKET MEDIA TECNOLOGIA S.A., criada para oferecer conte\u00fados educativos e informa\u00e7\u00f5es relevantes sobre economia, finan\u00e7as, investimentos e oportunidades do mercado financeiro. Acreditamos que conhecimento acess\u00edvel transforma a vida financeira das pessoas. 2. Nossa Miss\u00e3o Nossa miss\u00e3o \u00e9: 3. Nossa Equipe Nossa equipe re\u00fane profissionais [&hellip;]<\/p>\n","protected":false},"author":1,"featured_media":0,"parent":0,"menu_order":0,"comment_status":"closed","ping_status":"closed","template":"page-simple.php","meta":{"_acf_changed":false,"footnotes":""},"class_list":["post-161","page","type-page","status-publish","hentry"],"acf":[],"_links":{"self":[{"href":"https:\/\/go.investedigital.com.br\/index.php?rest_route=\/wp\/v2\/pages\/161","targetHints":{"allow":["GET"]}}],"collection":[{"href":"https:\/\/go.investedigital.com.br\/index.php?rest_route=\/wp\/v2\/pages"}],"about":[{"href":"https:\/\/go.investedigital.com.br\/index.php?rest_route=\/wp\/v2\/types\/page"}],"author":[{"embeddable":true,"href":"https:\/\/go.investedigital.com.br\/index.php?rest_route=\/wp\/v2\/users\/1"}],"replies":[{"embeddable":true,"href":"https:\/\/go.investedigital.com.br\/index.php?rest_route=%2Fwp%2Fv2%2Fcomments&post=161"}],"version-history":[{"count":1,"href":"https:\/\/go.investedigital.com.br\/index.php?rest_route=\/wp\/v2\/pages\/161\/revisions"}],"predecessor-version":[{"id":162,"href":"https:\/\/go.investedigital.com.br\/index.php?rest_route=\/wp\/v2\/pages\/161\/revisions\/162"}],"wp:attachment":[{"href":"https:\/\/go.investedigital.com.br\/index.php?rest_route=%2Fwp%2Fv2%2Fmedia&parent=161"}],"curies":[{"name":"wp","href":"https:\/\/api.w.org\/{rel}","templated":true}]}}